{"id":67,"date":"2026-04-17T13:30:31","date_gmt":"2026-04-17T13:30:31","guid":{"rendered":"http:\/\/www.evliyacelebifilmfestivali.com\/?page_id=67"},"modified":"2026-04-20T07:20:18","modified_gmt":"2026-04-20T07:20:18","slug":"sartname","status":"publish","type":"page","link":"https:\/\/www.evliyacelebifilmfestivali.com\/index.php\/sartname\/","title":{"rendered":"\u015eARTNAME"},"content":{"rendered":"\n<p><strong>MADDE 01 &#8211; AMA\u00c7<\/strong><\/p>\n\n\n\n<p>Evliya \u00c7elebi Belgesel Film Yar\u0131\u015fmas\u0131, b\u00fcy\u00fck seyyah\u0131m\u0131z Evliya \u00c7elebi\u2019nin miras\u0131n\u0131 ya\u015fatmak, gen\u00e7 nesillerde tarih ve k\u00fclt\u00fcr bilinci olu\u015fturmak ve T\u00fcrkiye\u2019deki belgesel \u00fcretimini te\u015fvik etmek amac\u0131yla d\u00fczenlenmektedir.<\/p>\n\n\n\n<p><strong>MADDE 02 &#8211; KONU VE KAPSAM<\/strong><\/p>\n\n\n\n<p>Yar\u0131\u015fman\u0131n ana temas\u0131 &#8220;Evliya \u00c7elebi&#8217;nin \u0130zinde&#8221; olarak belirlenmi\u015ftir. Filmlerin a\u015fa\u011f\u0131daki konulardan en az birini i\u015flemesi beklenmektedir:<\/p>\n\n\n\n<p>Vak\u0131f Medeniyeti: \u015eehirlerimize ruh veren vak\u0131f eserleri, hayratlar ve sosyal yard\u0131mla\u015fma k\u00fclt\u00fcr\u00fc.<\/p>\n\n\n\n<p>Tarihi Eserler: Seyahatname\u2019de ad\u0131 ge\u00e7en veya o d\u00f6nemin ruhunu yans\u0131tan mimari yap\u0131lar.<\/p>\n\n\n\n<p>Do\u011fal G\u00fczellikler: Evliya \u00c7elebi\u2019nin tasvir etti\u011fi co\u011frafyalardaki tabiat varl\u0131klar\u0131.<\/p>\n\n\n\n<p>K\u00fclt\u00fcrel Miras: Geleneksel sanatlar, yerel ya\u015fam ve seyyah\u0131n rotas\u0131 \u00fczerindeki k\u00fclt\u00fcrel duraklar.<\/p>\n\n\n\n<p><strong>MADDE 03 &#8211; TAKV\u0130M<\/strong><\/p>\n\n\n\n<p>Ba\u015fvuru Ba\u015flang\u0131\u00e7 Tarihi: [G\u00dcN\/AY\/YIL]<\/p>\n\n\n\n<p>Son Ba\u015fvuru Tarihi: [G\u00dcN\/AY\/YIL]<\/p>\n\n\n\n<p>Sonu\u00e7lar\u0131n \u0130lan\u0131: [G\u00dcN\/AY\/YIL]<\/p>\n\n\n\n<p>Not: Bu tarihlerden sonra ula\u015fan eserler de\u011ferlendirmeye al\u0131nmayacakt\u0131r.<\/p>\n\n\n\n<p><strong>MADDE 04 &#8211; KATILIM KO\u015eULLARI<\/strong><\/p>\n\n\n\n<p>Yar\u0131\u015fma, t\u00fcm T\u00fcrkiye Cumhuriyeti vatanda\u015flar\u0131na a\u00e7\u0131kt\u0131r.<\/p>\n\n\n\n<p>Eserler siyasi veya ideolojik s\u00f6ylem i\u00e7ermemeli; insan haklar\u0131 ve genel ahlaka uygun olmal\u0131d\u0131r.<\/p>\n\n\n\n<p>Belgesel filmlerin s\u00fcresi jenerik dahil 30 dakikay\u0131 a\u015fmamal\u0131d\u0131r.<\/p>\n\n\n\n<p>Yaln\u0131zca &#8220;Belgesel&#8221; t\u00fcr\u00fcndeki yap\u0131mlar kabul edilecektir.<\/p>\n\n\n\n<p>Eserlerin \u00fcretim tarihi 1 Ocak 2025 veya sonras\u0131 olmal\u0131d\u0131r.<\/p>\n\n\n\n<p>Her kat\u0131l\u0131mc\u0131 yar\u0131\u015fmaya en fazla 1 (bir) eserle ba\u015fvurabilir.<\/p>\n\n\n\n<p>Orijinal dili T\u00fcrk\u00e7e olmayan eserlerde T\u00fcrk\u00e7e altyaz\u0131 bulunmas\u0131 zorunludur.<\/p>\n\n\n\n<p>Telif haklar\u0131yla ilgili t\u00fcm hukuki sorumluluk (m\u00fczik, g\u00f6r\u00fcnt\u00fc, metin vb.) eser sahibine aittir.<\/p>\n\n\n\n<p>Daha \u00f6nce ba\u015fka yar\u0131\u015fmalara kat\u0131lm\u0131\u015f veya \u00f6d\u00fcl alm\u0131\u015f olmak bu yar\u0131\u015fmaya kat\u0131l\u0131m i\u00e7in engel te\u015fkil etmez.<\/p>\n\n\n\n<p>Filmler en az 1080p (Full HD) \u00e7\u00f6z\u00fcn\u00fcrl\u00fckte; MP4, MOV veya MPEG2 format\u0131nda olmal\u0131d\u0131r.<\/p>\n\n\n\n<p><strong>MADDE 05 &#8211; BA\u015eVURU Y\u00d6NTEM\u0130<\/strong><\/p>\n\n\n\n<p>Ba\u015fvurular dijital ortamda ger\u00e7ekle\u015ftirilecektir. Adaylar, a\u015fa\u011f\u0131daki belgeleri eksiksiz \u015fekilde basvuru@evliyacelebifilmfestivali.com adresine iletmelidir:<\/p>\n\n\n\n<p>Filmin izleme linki (Google Drive, Dropbox, Vimeo vb. \u015fifre gerekiyorsa belirtilmelidir).<\/p>\n\n\n\n<p>Filmden 3 adet y\u00fcksek \u00e7\u00f6z\u00fcn\u00fcrl\u00fckl\u00fc ekran g\u00f6r\u00fcnt\u00fcs\u00fc (Screenshot).<\/p>\n\n\n\n<p>Y\u00f6netmenin foto\u011fraf\u0131 ve k\u0131sa \u00f6zge\u00e7mi\u015fi.<\/p>\n\n\n\n<p>\u0130mzal\u0131 ba\u015fvuru formu (\u0130nternet sitesinden temin edilecektir).<\/p>\n\n\n\n<p>MADDE 06 &#8211; \u00d6D\u00dcLLER<\/p>\n\n\n\n<p>Birincilik \u00d6d\u00fcl\u00fc: <\/p>\n\n\n\n<p>\u0130kincilik \u00d6d\u00fcl\u00fc: <\/p>\n\n\n\n<p>\u00dc\u00e7\u00fcnc\u00fcl\u00fck \u00d6d\u00fcl\u00fc: <\/p>\n\n\n\n<p>(\u00d6zel mansiyon \u00f6d\u00fclleri verilebilir.)<\/p>\n\n\n\n<p><strong>MADDE 07 &#8211; TEL\u0130F VE YASAL HAKLAR<\/strong><\/p>\n\n\n\n<p>AVRASYA GAZETEC\u0130LER DERNE\u011e\u0130, yar\u0131\u015fmaya kat\u0131lan eserleri ticari olmayan e\u011fitim, k\u00fclt\u00fcr ve tan\u0131t\u0131m faaliyetlerinde (internet, TV, panel vb.) g\u00f6sterim hakk\u0131na sahiptir.<\/p>\n\n\n\n<p>\u015eartnamede belirtilmeyen hususlarda nihai karar yetkisi Festival D\u00fczenleme Kurulu&#8217;na aittir.<\/p>\n\n\n\n<p><strong>MADDE 08 &#8211; \u0130LET\u0130\u015e\u0130M<\/strong><\/p>\n\n\n\n<p>Adres: Tatl\u0131kuyu Mah. 1327 Sok. NO: 8\/1 Gebze \/ KOCAEL\u0130<br>E-posta: info@evliyacelebifilmfestivali.com<\/p>\n\n\n\n<p><\/p>\n","protected":false},"excerpt":{"rendered":"<p>MADDE 01 &#8211; AMA\u00c7 Evliya \u00c7elebi Belgesel Film Yar\u0131\u015fmas\u0131, b\u00fcy\u00fck seyyah\u0131m\u0131z Evliya \u00c7elebi\u2019nin miras\u0131n\u0131 ya\u015fatmak, gen\u00e7 nesillerde tarih ve k\u00fclt\u00fcr bilinci olu\u015fturmak ve T\u00fcrkiye\u2019deki belgesel \u00fcretimini te\u015fvik etmek amac\u0131yla d\u00fczenlenmektedir. MADDE 02 &#8211; KONU VE KAPSAM Yar\u0131\u015fman\u0131n ana temas\u0131 &#8220;Evliya \u00c7elebi&#8217;nin \u0130zinde&#8221; olarak belirlenmi\u015ftir. Filmlerin a\u015fa\u011f\u0131daki konulardan en az birini i\u015flemesi beklenmektedir: Vak\u0131f Medeniyeti: \u015eehirlerimize &#8230; <a href=\"https:\/\/www.evliyacelebifilmfestivali.com\/index.php\/sartname\/\" class=\"more-link\">Devam\u0131n\u0131 Oku<span class=\"screen-reader-text\"> &#8220;\u015eARTNAME&#8221;<\/span> &raquo;<\/a><\/p>\n","protected":false},"author":1,"featured_media":0,"parent":0,"menu_order":0,"comment_status":"closed","ping_status":"closed","template":"","meta":{"footnotes":""},"class_list":["post-67","page","type-page","status-publish","hentry"],"_links":{"self":[{"href":"https:\/\/www.evliyacelebifilmfestivali.com\/index.php\/wp-json\/wp\/v2\/pages\/67","targetHints":{"allow":["GET"]}}],"collection":[{"href":"https:\/\/www.evliyacelebifilmfestivali.com\/index.php\/wp-json\/wp\/v2\/pages"}],"about":[{"href":"https:\/\/www.evliyacelebifilmfestivali.com\/index.php\/wp-json\/wp\/v2\/types\/page"}],"author":[{"embeddable":true,"href":"https:\/\/www.evliyacelebifilmfestivali.com\/index.php\/wp-json\/wp\/v2\/users\/1"}],"replies":[{"embeddable":true,"href":"https:\/\/www.evliyacelebifilmfestivali.com\/index.php\/wp-json\/wp\/v2\/comments?post=67"}],"version-history":[{"count":2,"href":"https:\/\/www.evliyacelebifilmfestivali.com\/index.php\/wp-json\/wp\/v2\/pages\/67\/revisions"}],"predecessor-version":[{"id":80,"href":"https:\/\/www.evliyacelebifilmfestivali.com\/index.php\/wp-json\/wp\/v2\/pages\/67\/revisions\/80"}],"wp:attachment":[{"href":"https:\/\/www.evliyacelebifilmfestivali.com\/index.php\/wp-json\/wp\/v2\/media?parent=67"}],"curies":[{"name":"wp","href":"https:\/\/api.w.org\/{rel}","templated":true}]}}